{"id":3678,"date":"2023-02-20T12:15:51","date_gmt":"2023-02-20T11:15:51","guid":{"rendered":"https:\/\/www.apartmaji-galunder.si\/datenschutzerklaerung\/"},"modified":"2024-02-02T11:41:15","modified_gmt":"2024-02-02T10:41:15","slug":"datenschutzerklaerung","status":"publish","type":"page","link":"https:\/\/www.apartmaji-galunder.si\/de\/datenschutzerklaerung\/","title":{"rendered":"Datenschutzerkl\u00e4rung"},"content":{"rendered":"<p>Diese Datenschutzerkl\u00e4rung regelt die Erhebung, Speicherung und Verarbeitung personenbezogener Daten, die wir als Apartments Galunder von Ihnen erheben, wenn Sie Ihre personenbezogenen Daten zum Zwecke einer Reservierung oder Anfrage eingeben, wenn Sie uns \u00fcber das Online-Kontaktformular kontaktieren und wann Sie sich f\u00fcr unseren Newsletter anmelden.<\/p>\n<p><strong>Regler<\/strong><\/p>\n<p>Verantwortlicher f\u00fcr personenbezogene Daten im Sinne der EU-Datenschutzgrundverordnung und des geltenden Rechts zum Schutz personenbezogener Daten \u2013 DSGVO ist:<\/p>\n<p>Apartmenst Galunder<br \/>\nMaistrova ulica 17, 9241 Ver\u017eej, Slovenija<br \/>\nTelefon: +386 31 607 201 | +386 41 228 300<br \/>\nE-mail: <a href=\"mailto:info@apartmaji-galunder.si\">info@apartmaji-galunder.si<\/a><\/p>\n<p>&nbsp;<\/p>\n<p><strong>Pers\u00f6nliche Daten und Verwendungszweck<\/strong><\/p>\n<ol>\n<li>Wenn Sie auf unserer Website eine Reservierung oder Anfrage t\u00e4tigen m\u00f6chten, m\u00fcssen Sie im Online-Formular Ihren Namen, Ihre Adresse, Ihre E-Mail-Adresse und Ihre Telefonnummer angeben. Die Daten werden ausschlie\u00dflich zur Best\u00e4tigung der Reservierung verwendet.<\/li>\n<li>Wenn Sie \u00fcber das Online-Kontaktformular im Men\u00fc \u201eKontakt\u201c mit uns Kontakt aufnehmen m\u00f6chten, m\u00fcssen Sie im Online-Formular Ihren Namen und Ihre E-Mail-Adresse angeben. Die Daten werden ausschlie\u00dflich zum Zwecke der eigenverantwortlichen Kommunikation mit Ihnen per E-Mail genutzt.<\/li>\n<li>Unterkunftsanbieter in der Republik Slowenien sind gesetzlich verpflichtet, G\u00e4ste zu registrieren und ein G\u00e4steregister zu f\u00fchren <a href=\"http:\/\/evem.gov.si\/info\/podpogoji\/drugiPogoj\/14172\/prikaziDrugiPogoj\/\">(http:\/\/evem.gov.si\/info\/podpogoji\/drugiPogoj\/14172\/prikaziDrugiPogoj\/)<\/a>. Bei der Ankunft der G\u00e4ste ist jeder Beherbergungsbetrieb (oder eine von ihm bevollm\u00e4chtigte Person) verpflichtet, jede im Beherbergungsbetrieb \u00fcbernachtende Person \u00fcber die eTourism-Anwendung auf der AJPES-Website zu registrieren. Die anzugebenden Daten sind Vor- und Nachname, Geburtsdatum, Staatsangeh\u00f6rigkeit sowie Form und Nummer des Ausweisdokuments. Diese Informationen werden auch im G\u00e4stebuch festgehalten, das der Betreiber auf der AJPES-Website abrufen und in Papierform aufbewahren kann.<br \/>\n\u200b<\/li>\n<\/ol>\n<p>Der Verantwortliche respektiert Ihre Privatsph\u00e4re und verpflichtet sich, Ihre personenbezogenen Daten sorgf\u00e4ltig und im Einklang mit den geltenden Datenschutzbestimmungen zu erheben, zu speichern und zu verarbeiten. Da es im Online-Informationssystem von Apartments Galunder bestimmte Links zu anderen, externen Websites gibt, die nicht direkt mit Apartments Galunder verkn\u00fcpft sind, \u00fcbernimmt der Betreiber keine Verantwortung f\u00fcr den Datenschutz dieser Websites.<\/p>\n<p>Um den unbefugten Zugriff auf oder die Offenlegung der erfassten Daten zu verhindern, die Richtigkeit der personenbezogenen Daten zu wahren und deren ordnungsgem\u00e4\u00dfe Verwendung sicherzustellen, wendet der Verantwortliche geeignete technische und organisatorische Verfahren zum Schutz der von ihm erfassten Daten an. Allerdings kann der Verantwortliche einen Datenmissbrauch nicht vollst\u00e4ndig ausschlie\u00dfen, da das Internet trotz Sicherheitsma\u00dfnahmen und sicherer Kommunikationsprotokolle ein unberechenbares Medium ist.<\/p>\n<p><strong>Einwilligung und Aufbewahrungsfrist f\u00fcr personenbezogene Daten<\/strong><\/p>\n<p>Mit der Bereitstellung seiner personenbezogenen Daten in den oben genannten F\u00e4llen erteilt der Betroffene seine eindeutige und eindeutige Einwilligung zur Speicherung und Verarbeitung der Daten. Die Verarbeitung auf diese Weise ist gem\u00e4\u00df Artikel 6 Absatz 1 Buchstabe a der EU-Datenschutzgrundverordnung (DSGVO) rechtm\u00e4\u00dfig.<\/p>\n<ol>\n<li>Die Einwilligung zur Verarbeitung personenbezogener Daten im Falle einer Reservierung oder Anfrage auf der Website von Apartmaji Galunder wird durch Klicken auf die Schaltfl\u00e4che \u201eReservierung best\u00e4tigen\u201c oder \u201eAnfrage senden\u201c erteilt.<\/li>\n<\/ol>\n<p>Bei Best\u00e4tigung der Buchung werden die erhobenen Daten bis zum Abreisetag gespeichert. Zu diesem Zeitpunkt wird die betroffene Person gebeten, ihre schriftliche Einwilligung zur weiteren Verarbeitung der Daten zu erteilen. Bei Verweigerung werden die erhobenen Daten gel\u00f6scht.<br \/>\nIm Falle einer Anfrage, bei der es jedoch nicht zu einer tats\u00e4chlichen Best\u00e4tigung der Buchung kommt, werden die erhobenen Daten f\u00fcr die Dauer der Kommunikation mit der Person gespeichert und gel\u00f6scht, sobald die Person die Buchung ablehnt.<\/p>\n<ol start=\"2\">\n<li>Die Einwilligung zur Verarbeitung personenbezogener Daten f\u00fcr den Fall, dass eine Person \u00fcber das Online-Formular im Men\u00fc \u201eKontakt\u201c mit uns Kontakt aufnimmt, erfolgt durch Anklicken des Buttons \u201eNachtrich Senden\u201c.<\/li>\n<\/ol>\n<p>In diesem Fall werden die erhaltenen Daten f\u00fcr die Dauer der Kommunikation mit der Person oder l\u00e4nger, wenn der Inhalt der Kommunikation dies erfordert, aufbewahrt.<br \/>\nDie L\u00f6schung der erhobenen Daten erfolgt nach Abschluss der Kommunikation mit der betroffenen Person oder zu einem sp\u00e4teren Zeitpunkt, sofern der Inhalt der Kommunikation dies erfordert.<\/p>\n<ol start=\"3\">\n<li>Die Einwilligung in die Verarbeitung der personenbezogenen Daten zum Zweck der Anmeldung einer im Beherbergungsbetrieb gastierenden Person und der F\u00fchrung des G\u00e4steregisters wird durch Vorlage des Personalausweises der betreffenden Person zur Einsichtnahme erteilt.<\/li>\n<\/ol>\n<p>Die erhobenen Daten werden bis zum Ende des laufenden Kalenderjahres und f\u00fcr ein (1) Kalenderjahr danach aufbewahrt (<a href=\"https:\/\/www.ip-rs.si\/vop\/caz-hrambe-op-v-evidenci-hotelskih-gostov-3064\/\">https:\/\/www.ip-rs.si\/vop\/caz-hrambe-op-v-evidenci-hotelskih- gostov-3064\/<\/a>). Nach Ablauf dieser Frist wird das elektronische G\u00e4stebuch gel\u00f6scht und das physische G\u00e4stebuch vernichtet.<\/p>\n<p>&nbsp;<\/p>\n<p><strong>Ihre Rechte<\/strong><\/p>\n<p>Gem\u00e4\u00df den Bestimmungen der EU-Datenschutz-Grundverordnung (DSGVO) haben Sie das Recht auf Zugang zu Ihren personenbezogenen Daten, <strong>das Recht auf Berichtigung, das Recht auf L\u00f6schung, das Recht auf \u00dcbertragbarkeit und das Recht, die Einschr\u00e4nkung der Verarbeitung zu verlangen personenbezogener Daten und Widerspruchsrecht..<\/strong><\/p>\n<p>Wenn Sie alle Ihre Rechte aus\u00fcben oder zus\u00e4tzliche Informationen erhalten m\u00f6chten, senden Sie einen Antrag per Post an die Adresse: Apartmaji Galunder, Maistrova ulica 17, 9241 Ver\u017eej, Slowenien oder per E-Mail an die E-Mail-Adresse: <a href=\"mailto:info@apartmaji-galunder.si\">info@apartmaji-galunder.si.<\/a><br \/>\nWir werden Ihre Bewerbung im Einklang mit der DSGVO bearbeiten und beantworten. Wenn Sie glauben, dass Ihre Rechte oder Vorschriften zum Schutz personenbezogener Daten verletzt wurden, k\u00f6nnen Sie sich bei der zust\u00e4ndigen Landesbeh\u00f6rde beschweren:<\/p>\n<p>Informationsbeauftragter der Republik Slowenien (Zalo\u0161ka 59, 1000 Ljubljana, Telefon: 01 230 97 30, Fax: 01 230 97 78, E-Mail: gp@ip-rs.si).<\/p>\n<p>&nbsp;<\/p>\n","protected":false},"excerpt":{"rendered":"<p>Diese Datenschutzerkl\u00e4rung regelt die Erhebung, Speicherung und Verarbeitung personenbezogener Daten, die wir als Apartments Galunder von Ihnen erheben, wenn Sie Ihre personenbezogenen Daten zum Zwecke einer Reservierung oder Anfrage eingeben, wenn Sie uns \u00fcber das Online-Kontaktformular kontaktieren und wann Sie sich f\u00fcr unseren Newsletter anmelden. Regler Verantwortlicher f\u00fcr personenbezogene Daten im Sinne der EU-Datenschutzgrundverordnung und&hellip;<\/p>\n","protected":false},"author":1,"featured_media":0,"parent":0,"menu_order":0,"comment_status":"closed","ping_status":"closed","template":"","meta":[],"class_list":["post-3678","page","type-page","status-publish","hentry","description-off"],"_links":{"self":[{"href":"https:\/\/www.apartmaji-galunder.si\/de\/wp-json\/wp\/v2\/pages\/3678","targetHints":{"allow":["GET"]}}],"collection":[{"href":"https:\/\/www.apartmaji-galunder.si\/de\/wp-json\/wp\/v2\/pages"}],"about":[{"href":"https:\/\/www.apartmaji-galunder.si\/de\/wp-json\/wp\/v2\/types\/page"}],"author":[{"embeddable":true,"href":"https:\/\/www.apartmaji-galunder.si\/de\/wp-json\/wp\/v2\/users\/1"}],"replies":[{"embeddable":true,"href":"https:\/\/www.apartmaji-galunder.si\/de\/wp-json\/wp\/v2\/comments?post=3678"}],"version-history":[{"count":1,"href":"https:\/\/www.apartmaji-galunder.si\/de\/wp-json\/wp\/v2\/pages\/3678\/revisions"}],"predecessor-version":[{"id":3680,"href":"https:\/\/www.apartmaji-galunder.si\/de\/wp-json\/wp\/v2\/pages\/3678\/revisions\/3680"}],"wp:attachment":[{"href":"https:\/\/www.apartmaji-galunder.si\/de\/wp-json\/wp\/v2\/media?parent=3678"}],"curies":[{"name":"wp","href":"https:\/\/api.w.org\/{rel}","templated":true}]}}